{"id":823,"date":"2009-02-16T11:40:01","date_gmt":"2009-02-16T11:40:01","guid":{"rendered":"http:\/\/gamla.truflun.net\/daniel\/?page_id=823"},"modified":"2009-02-16T11:40:01","modified_gmt":"2009-02-16T11:40:01","slug":"about","status":"publish","type":"page","link":"https:\/\/truflun.net\/daniel\/about\/","title":{"rendered":"Bloggarinn"},"content":{"rendered":"<p><div id=\"attachment_608\" style=\"width: 160px\" class=\"wp-caption alignleft\"><a href=\"http:\/\/gamla.truflun.net\/daniel\/wp-content\/uploads\/2009\/02\/daniel_freyr_jonsson.jpg\"><img loading=\"lazy\" decoding=\"async\" aria-describedby=\"caption-attachment-608\" src=\"http:\/\/gamla.truflun.net\/daniel\/wp-content\/uploads\/2009\/02\/daniel_freyr_jonsson.jpg\" alt=\"\u00c9g\" title=\"daniel_freyr_jonsson\" width=\"150\" height=\"186\" class=\"size-medium wp-image-608\" \/><\/a><p id=\"caption-attachment-608\" class=\"wp-caption-text\">\u00c9g<\/p><\/div>\u00c9g heiti Dan\u00ed\u00adel Freyr J\u00f3nsson og er verkefnisstj\u00f3ri vi\u00f0 H\u00e1sk\u00f3lann \u00e1 Akureyri, fa\u00f0ir tveggja drengja sem eru f\u00e6ddir &#8217;92 og &#8217;96, fyrrverandi f\u00e9lagi \u00ed\u00ad Samfylkingunni, me\u00f0limur Freyvangsleikh\u00fassins, besserwisser og kver\u00falant. Hef framt\u00ed\u00ad\u00f0ardrauma um a\u00f0 ver\u00f0a g\u00e1rungur.<\/p>\n","protected":false},"excerpt":{"rendered":"<p>\u00c9g heiti Dan\u00ed\u00adel Freyr J\u00f3nsson og er verkefnisstj\u00f3ri vi\u00f0 H\u00e1sk\u00f3lann \u00e1 Akureyri, fa\u00f0ir tveggja drengja sem eru f\u00e6ddir &#8217;92 og &#8217;96, fyrrverandi f\u00e9lagi \u00ed\u00ad Samfylkingunni, me\u00f0limur Freyvangsleikh\u00fassins, besserwisser og kver\u00falant. Hef framt\u00ed\u00ad\u00f0ardrauma um a\u00f0 ver\u00f0a g\u00e1rungur.<\/p>\n","protected":false},"author":1,"featured_media":0,"parent":0,"menu_order":0,"comment_status":"open","ping_status":"open","template":"","meta":{"footnotes":""},"class_list":["post-823","page","type-page","status-publish","hentry"],"_links":{"self":[{"href":"https:\/\/truflun.net\/daniel\/wp-json\/wp\/v2\/pages\/823","targetHints":{"allow":["GET"]}}],"collection":[{"href":"https:\/\/truflun.net\/daniel\/wp-json\/wp\/v2\/pages"}],"about":[{"href":"https:\/\/truflun.net\/daniel\/wp-json\/wp\/v2\/types\/page"}],"author":[{"embeddable":true,"href":"https:\/\/truflun.net\/daniel\/wp-json\/wp\/v2\/users\/1"}],"replies":[{"embeddable":true,"href":"https:\/\/truflun.net\/daniel\/wp-json\/wp\/v2\/comments?post=823"}],"version-history":[{"count":0,"href":"https:\/\/truflun.net\/daniel\/wp-json\/wp\/v2\/pages\/823\/revisions"}],"wp:attachment":[{"href":"https:\/\/truflun.net\/daniel\/wp-json\/wp\/v2\/media?parent=823"}],"curies":[{"name":"wp","href":"https:\/\/api.w.org\/{rel}","templated":true}]}}