{"id":477,"date":"2008-07-16T08:56:48","date_gmt":"2008-07-16T08:56:48","guid":{"rendered":"http:\/\/truflun.net\/eggert\/um-mig\/"},"modified":"2008-07-16T08:56:48","modified_gmt":"2008-07-16T08:56:48","slug":"um-mig","status":"publish","type":"page","link":"https:\/\/truflun.net\/eggert\/um-mig\/","title":{"rendered":"Um mig"},"content":{"rendered":"<p><span lang=\"IS\">\u00c9g er ekki anna\u00f0 en samansafn af \u00fev\u00ed\u00ad sem or\u00f0i\u00f0 hefur \u00e1 vegi m\u00ed\u00adnum s\u00ed\u00ad\u00f0an \u00e9g f\u00e6ddist. F\u00e6\u00f0ingardagurinn var 17. desember 1984, \u00e1 afm\u00e6lisdegi m\u00f3\u00f0ur\u00f6mmu minnar. \u00dear sem \u00e9g f\u00e6ddist \u00e1 m\u00e1nudegi kom ekkert Morgunbla\u00f0 \u00fat \u00feann daginn. \u00ed\u008d raun vir\u00f0ist l\u00ed\u00adti\u00f0 markvert hafa gerst \u00feann dag fyrir utan au\u00f0vita\u00f0 f\u00e6\u00f0ingu m\u00ed\u00adna. \u00dea\u00f0 erfitt a\u00f0 tala um f\u00e6\u00f0inguna \u00e1n \u00feess a\u00f0 minnast \u00e1 foreldra s\u00ed\u00adna en \u00feeirra er geti\u00f0 h\u00e9r \u00ed\u00ad ne\u00f0stu m\u00e1lsgreininni.<\/span><\/p>\n<p class=\"MsoNormal\"><span lang=\"IS\">Til tv\u00ed\u00adtugs bj\u00f3 \u00e9g \u00ed\u00ad Borgarnesi \u00fear sem \u00e9g kl\u00e1ra\u00f0i grunnsk\u00f3la en framhaldssk\u00f3lamenntun s\u00f3tti \u00e9g \u00e1 Akranes. \u00ed\u0081ri\u00f0 2007 \u00fatskrifa\u00f0ist \u00e9g me\u00f0 BA gr\u00e1\u00f0u \u00ed\u00ad \u00fej\u00f3\u00f0fr\u00e6\u00f0i \u00fear sem \u00e9g t\u00f3k safnafr\u00e6\u00f0i sem aukagrein fr\u00e1 H\u00e1sk\u00f3la \u00ed\u008dslands. \u00deegar \u00feetta er skrifa\u00f0 stunda \u00e9g MA n\u00e1m \u00ed\u00ad \u00fej\u00f3\u00f0fr\u00e6\u00f0i vi\u00f0 sama sk\u00f3la.<\/span><\/p>\n<p class=\"MsoNormal\"><span lang=\"IS\">\u00c9g er haldinn \u00feeirri f\u00ed\u00adkn a\u00f0 starfa \u00ed\u00ad f\u00e9lagsm\u00e1lum og hef sinnt margv\u00ed\u00adslegum f\u00e9lagsst\u00f6rfum m.a. fyrir nemendaf\u00e9l\u00f6g \u00ed\u00ad grunn- og framhaldssk\u00f3la auk \u00feess a\u00f0 vesenast \u00ed\u00ad hagsmunabar\u00e1ttu st\u00fadenta. \u00c9g er frams\u00f3knarma\u00f0ur eins og \u00e9g hef kyn til. \u00ed\u008d dag gegni \u00e9g varaformennsku \u00ed\u00ad Sambandi ungra frams\u00f3knarmanna. <\/span><\/p>\n<p class=\"MsoNormal\"><span lang=\"IS\">Og einhverra manna er \u00e9g eins og a\u00f0rir. Foreldrar m\u00ed\u00adnir eru \u00feau J\u00f3n Agnar Eggertsson (f. 5.1.1946, d. 11.2.1993) fr\u00e1 Bjargi \u00ed\u00ad Borgarnesi, fv. forma\u00f0ur Verkal\u00fd\u00f0sf\u00e9lags Borgarness og Ragnhei\u00f0ur S. J\u00f3hannsd\u00f3ttir kennslur\u00e1\u00f0gjafi fr\u00e1 Sau\u00f0\u00e1rkr\u00f3ki (f. 27.7.1955). F\u00f6\u00f0uramma m\u00ed\u00adn h\u00e9t A\u00f0alhei\u00f0ur Lilja J\u00f3nsd\u00f3ttir (f. 8.8.1910, d. 29.3.2001) sem f\u00e6dd var og uppalin \u00e1 Arnarfelli \u00ed\u00ad \u00deingvallasveit og f\u00f6\u00f0urafi Eggert Gu\u00f0mundsson (f. 20.10.1897, d. 19.8.1979) fr\u00e1 Eyri \u00ed\u00ad Fl\u00f3kadal. M\u00f3\u00f0ur amma m\u00ed\u00adn heitir \u00ed\u0081slaug Ester Sigf\u00fasd\u00f3ttir (f. 17.12.1926) fr\u00e1 Sau\u00f0\u00e1rkr\u00f3ki og var h\u00fan gift honum afa, J\u00f3hanni S\u00f3lberg \u00deorsteinssyni (f. 6.3.1910, d. 12.5.2006) fr\u00e1 St\u00f3ru-Gr\u00f6f \u00ed\u00ad Skagafir\u00f0i. <!--[endif]--><\/span><\/p>\n","protected":false},"excerpt":{"rendered":"<p>\u00c9g er ekki anna\u00f0 en samansafn af \u00fev\u00ed\u00ad sem or\u00f0i\u00f0 hefur \u00e1 vegi m\u00ed\u00adnum s\u00ed\u00ad\u00f0an \u00e9g f\u00e6ddist. F\u00e6\u00f0ingardagurinn var 17. desember 1984, \u00e1 afm\u00e6lisdegi m\u00f3\u00f0ur\u00f6mmu minnar. \u00dear sem \u00e9g f\u00e6ddist \u00e1 m\u00e1nudegi kom ekkert Morgunbla\u00f0 \u00fat \u00feann daginn. \u00ed\u008d raun vir\u00f0ist l\u00ed\u00adti\u00f0 markvert hafa gerst \u00feann dag fyrir utan au\u00f0vita\u00f0 f\u00e6\u00f0ingu m\u00ed\u00adna. \u00dea\u00f0 erfitt a\u00f0 [&hellip;]<\/p>\n","protected":false},"author":11,"featured_media":0,"parent":0,"menu_order":0,"comment_status":"open","ping_status":"closed","template":"","meta":{"footnotes":""},"class_list":["post-477","page","type-page","status-publish","hentry"],"_links":{"self":[{"href":"https:\/\/truflun.net\/eggert\/wp-json\/wp\/v2\/pages\/477","targetHints":{"allow":["GET"]}}],"collection":[{"href":"https:\/\/truflun.net\/eggert\/wp-json\/wp\/v2\/pages"}],"about":[{"href":"https:\/\/truflun.net\/eggert\/wp-json\/wp\/v2\/types\/page"}],"author":[{"embeddable":true,"href":"https:\/\/truflun.net\/eggert\/wp-json\/wp\/v2\/users\/11"}],"replies":[{"embeddable":true,"href":"https:\/\/truflun.net\/eggert\/wp-json\/wp\/v2\/comments?post=477"}],"version-history":[{"count":0,"href":"https:\/\/truflun.net\/eggert\/wp-json\/wp\/v2\/pages\/477\/revisions"}],"wp:attachment":[{"href":"https:\/\/truflun.net\/eggert\/wp-json\/wp\/v2\/media?parent=477"}],"curies":[{"name":"wp","href":"https:\/\/api.w.org\/{rel}","templated":true}]}}