{"id":22076,"date":"2024-11-20T12:10:10","date_gmt":"2024-11-20T12:10:10","guid":{"rendered":"https:\/\/truflun.net\/oligneisti\/?page_id=22076"},"modified":"2024-11-20T12:10:10","modified_gmt":"2024-11-20T12:10:10","slug":"rss-er-einfalt","status":"publish","type":"page","link":"https:\/\/truflun.net\/oligneisti\/rss-er-einfalt\/","title":{"rendered":"RSS er einfalt"},"content":{"rendered":"<p>RSS er lei\u00f0 til \u00feess a\u00f0 fylgjast me\u00f0 uppf\u00e6rslum \u00e1 margskonar vefs\u00ed\u00f0um, s.s. flestum bloggum og fr\u00e9ttas\u00ed\u00f0um. Ef \u00fe\u00fa er \u00e1skrifandi a\u00f0 hla\u00f0v\u00f6rpum ertu \u00ed raun a\u00f0 nota \u00e1kve\u00f0na tegund af RSS.<\/p>\n<p>Vi\u00f0m\u00f3t RSS er kunnuglegt enda notu\u00f0u margir samf\u00e9lagsmi\u00f0lar (s.s. Twitter og Facebook) sl\u00edk yfirlit sem fyrirmynd. \u00dearna er listi yfir fr\u00e9ttir og f\u00e6rslur, oftast fyrirs\u00f6gn og upphafsm\u00e1lgrein. \u00dea\u00f0 er s\u00ed\u00f0an h\u00e6gt a\u00f0 smella \u00e1 hvert atri\u00f0i fyrir sig til \u00feess a\u00f0 f\u00e1 \u00edtarlegri uppl\u00fdsingar.<\/p>\n<h2>Hvernig notar f\u00f3lk RSS (\u00ed snjallt\u00e6ki)?<\/h2>\n<p>Ef \u00fe\u00fa ert \u00ed snjallt\u00e6ki fer\u00f0u \u00ed forritab\u00fa\u00f0ina \u00fe\u00edna og notar leitaror\u00f0i\u00f0 RSS og velur forrit. Ef \u00fe\u00fa ert me\u00f0 Android st\u00fdrikerfi getur \u00fe\u00fa prufa\u00f0 <a href=\"https:\/\/play.google.com\/store\/apps\/details?id=com.nononsenseapps.feeder.play\">Feeder<\/a>. En \u00fea\u00f0 eru \u00f3tal forrit \u00ed bo\u00f0i og \u00fe\u00fa getur alltaf prufa\u00f0 eitthva\u00f0 n\u00fdtt.<\/p>\n<p>\u00cd RSS-forritinu getur \u00fe\u00fa vali\u00f0 a\u00f0 b\u00e6ta vi\u00f0 straumi (<em>add feed<\/em>) og slegi\u00f0\/l\u00edmt \u00fear inn vefsl\u00f3\u00f0 sem forriti\u00f0 notar til \u00feess a\u00f0 finna strauminn*. \u00deegar \u00fea\u00f0 er b\u00fai\u00f0 ertu komin me\u00f0 \u00e1skrift og forriti\u00f0 mun reglulega athuga. \u00deegar eitthva\u00f0 n\u00fdtt birtist f\u00e6r\u00f0u n\u00fdja f\u00e6rslu \u00ed yfirliti\u00f0 \u00feitt.<\/p>\n<p>* Vefur R\u00daV er undarleg undantekning \u00e1 \u00feessu en \u00ed sta\u00f0inn er vefurinn me\u00f0 <a href=\"https:\/\/www.ruv.is\/rss\">yfirlit yfir RSS<\/a> \u00fear sem h\u00e6gt er a\u00f0 velja mismunandi \u00e1skriftir.<\/p>\n<h2>Hvers vegna er RSS mikilv\u00e6gt?<\/h2>\n<p>Vi\u00f0 megum ekki leyfa samf\u00e9lagsmi\u00f0lum a\u00f0 \u00e1kve\u00f0a hva\u00f0a uppl\u00fdsingar vi\u00f0 f\u00e1um. N\u00faor\u00f0i\u00f0 geta fr\u00e9ttas\u00ed\u00f0ur ekki einu sinni deilt tenglum \u00e1 fr\u00e9ttir s\u00ednar \u00e1n \u00feess a\u00f0 borga fyrir \u00fea\u00f0 (\u00ed sta\u00f0inn kemur &#8222;hlekkur \u00ed athugasemd&#8220;). Samf\u00e9lagsmi\u00f0lar vilja bara s\u00fdna okkur augl\u00fdsingar og \u00fe\u00e1 er ekkert a\u00f0 gr\u00e6\u00f0a \u00e1 \u00fev\u00ed a\u00f0 benda okkur \u00e1 efni utan \u00feeirra.<\/p>\n","protected":false},"excerpt":{"rendered":"<p>RSS er lei\u00f0 til \u00feess a\u00f0 fylgjast me\u00f0 uppf\u00e6rslum \u00e1 margskonar vefs\u00ed\u00f0um, s.s. flestum bloggum og fr\u00e9ttas\u00ed\u00f0um. Ef \u00fe\u00fa er \u00e1skrifandi a\u00f0 hla\u00f0v\u00f6rpum ertu \u00ed raun a\u00f0 nota \u00e1kve\u00f0na tegund af RSS. Vi\u00f0m\u00f3t RSS er kunnuglegt enda notu\u00f0u margir samf\u00e9lagsmi\u00f0lar (s.s. Twitter og Facebook) sl\u00edk yfirlit sem fyrirmynd. \u00dearna er listi yfir fr\u00e9ttir og f\u00e6rslur, &hellip; <a href=\"https:\/\/truflun.net\/oligneisti\/rss-er-einfalt\/\" class=\"more-link\">Halda \u00e1fram a\u00f0 lesa: <span class=\"screen-reader-text\">RSS er einfalt<\/span><\/a><\/p>\n","protected":false},"author":1,"featured_media":22073,"parent":0,"menu_order":0,"comment_status":"closed","ping_status":"closed","template":"","meta":{"footnotes":""},"class_list":["post-22076","page","type-page","status-publish","has-post-thumbnail","hentry"],"_links":{"self":[{"href":"https:\/\/truflun.net\/oligneisti\/wp-json\/wp\/v2\/pages\/22076","targetHints":{"allow":["GET"]}}],"collection":[{"href":"https:\/\/truflun.net\/oligneisti\/wp-json\/wp\/v2\/pages"}],"about":[{"href":"https:\/\/truflun.net\/oligneisti\/wp-json\/wp\/v2\/types\/page"}],"author":[{"embeddable":true,"href":"https:\/\/truflun.net\/oligneisti\/wp-json\/wp\/v2\/users\/1"}],"replies":[{"embeddable":true,"href":"https:\/\/truflun.net\/oligneisti\/wp-json\/wp\/v2\/comments?post=22076"}],"version-history":[{"count":1,"href":"https:\/\/truflun.net\/oligneisti\/wp-json\/wp\/v2\/pages\/22076\/revisions"}],"predecessor-version":[{"id":22077,"href":"https:\/\/truflun.net\/oligneisti\/wp-json\/wp\/v2\/pages\/22076\/revisions\/22077"}],"wp:featuredmedia":[{"embeddable":true,"href":"https:\/\/truflun.net\/oligneisti\/wp-json\/wp\/v2\/media\/22073"}],"wp:attachment":[{"href":"https:\/\/truflun.net\/oligneisti\/wp-json\/wp\/v2\/media?parent=22076"}],"curies":[{"name":"wp","href":"https:\/\/api.w.org\/{rel}","templated":true}]}}