{"id":3366,"date":"2007-04-07T16:24:36","date_gmt":"2007-04-07T16:24:36","guid":{"rendered":"https:\/\/truflun.net\/oligneisti\/um-ola\/"},"modified":"2020-05-04T18:00:48","modified_gmt":"2020-05-04T18:00:48","slug":"um-ola","status":"publish","type":"page","link":"https:\/\/truflun.net\/oligneisti\/um-ola\/","title":{"rendered":"Um \u00d3la"},"content":{"rendered":"<p><\/p>\r\n<p class=\"post-content\">\u00c9g\u2026\r\n<\/p>\r\n<ul class=\"wp-block-list\">\r\n\t<li>heiti \u00d3li Gneisti S\u00f3leyjarson.<\/li>\r\n\t<li>s\u00e9 um hla\u00f0varpi\u00f0 <a href=\"http:\/\/botninn.is\">Botninn<\/a>.<\/li>\r\n\t<li>s\u00e9 um hla\u00f0varpi\u00f0 <a href=\"http:\/\/storiesoficeland.com\">Stories of Iceland<\/a>.<\/li>\r\n\t<li>er einn af eigendum <a href=\"http:\/\/kistan.is\">Kistan &#8211; Varpf\u00e9lag slf.<\/a><\/li>\r\n\t<li>er f\u00e6ddur \u00feann 4. febr\u00faar 1979 \u00e1 Akureyri.<\/li>\r\n\t<li>er \u00ed samb\u00fa\u00f0\u00a0(s\u00ed\u00f0an 1999) me\u00f0 eiginkonu (2018) minni Eygl\u00f3 Traustad\u00f3ttur.<\/li>\r\n\t<li>er pabbi Gunnsteins (s\u00ed\u00f0an 17. j\u00fal\u00ed 2009).<\/li>\r\n\t<li>er pabbi Ingimars (s\u00ed\u00f0an 8. mars 2013).<\/li>\r\n\t<li>b\u00fd \u00ed B\u00f6kkunum (s\u00ed\u00f0an 2005).<\/li>\r\n\t<li>er b\u00f3kasafns- og uppl\u00fdsingafr\u00e6\u00f0ingur (2006).<\/li>\r\n\t<li>er me\u00f0 meistaragr\u00e1\u00f0u \u00ed \u00fej\u00f3\u00f0fr\u00e6\u00f0i (2009).<\/li>\r\n\t<li>er me\u00f0 dipl\u00f3mugr\u00e1\u00f0u \u00ed opinberri stj\u00f3rns\u00fdslu (2012).<\/li>\r\n\t<li>er me\u00f0 meistaragr\u00e1\u00f0u \u00ed hagn\u00fdtri menningarmi\u00f0lun (2012).<\/li>\r\n\t<li>bj\u00f3 \u00ferj\u00e1 m\u00e1nu\u00f0i \u00e1 \u00cdrlandi og stunda\u00f0i n\u00e1m vi\u00f0 University College Cork (2007).<\/li>\r\n\t<li>gaf \u00fat spilin #Kommentakerfi\u00f0 (2015), L\u00e1tbrag\u00f0 (2016), Hver myndi? (2018) og #Kommentakerfi\u00f0 II (2019)<\/li>\r\n\t<li>er virkur \u00ed margskonar f\u00e9lagsstarfi en hef \u00fe\u00f3 dregi\u00f0 \u00far \u00fev\u00ed hin seinni \u00e1r.<\/li>\r\n\t<li>stofna\u00f0i og s\u00e9 um <a href=\"http:\/\/rafbokavefur.is\">Rafb\u00f3kavefinn<\/a> (s\u00ed\u00f0an 2011).<\/li>\r\n\t<li>hef skrifa\u00f0 greinar fyrir ritr\u00fdnd fr\u00e6\u00f0irit.<\/li>\r\n\t<li>hef ritr\u00fdnt greinar fyrir fr\u00e6\u00f0irit.<\/li>\r\n\t<li>reyki ekki.<\/li>\r\n\t<li>drekk ekki nema \u00ed miklum undantekningatilvikum.<\/li>\r\n\t<li>er Queena\u00f0d\u00e1andi.<\/li>\r\n\t<li>er T\u00fdsa\u00f0d\u00e1andi.<\/li>\r\n\t<li>hef starfa\u00f0 sem forst\u00f6\u00f0uma\u00f0ur b\u00f3kasafns hj\u00e1 I\u00f0nsk\u00f3lanum \u00ed Hafnarfir\u00f0i og H\u00fasask\u00f3la, b\u00f3kav\u00f6r\u00f0ur\/b\u00f3kasafnsfr\u00e6\u00f0ingur hj\u00e1 Borgarb\u00f3kasafninu, \u00dej\u00f3\u00f0arb\u00f3khl\u00f6\u00f0unni og \u00c1rnastofnun, filmusafnsv\u00f6r\u00f0ur, uppvaskari, kennari \u00ed Endurmenntun H\u00e1sk\u00f3la \u00cdslands, stundakennari \u00ed \u00fej\u00f3\u00f0fr\u00e6\u00f0i vi\u00f0 H\u00e1sk\u00f3la \u00cdslands, afgrei\u00f0sluma\u00f0ur \u00ed Gl\u00f3ey, afgrei\u00f0slu- og lagerma\u00f0ur \u00ed R\u00famfatalagernum (m\u00e6li ekki me\u00f0 \u00fev\u00ed), \u00fer\u00e6ll \u00e1 golfvelli (m\u00e6li alls ekki me\u00f0 \u00fev\u00ed), sem lagerma\u00f0ur hj\u00e1 A\u00f0f\u00f6ngum, \u00ed Efnaverksmi\u00f0junni Sj\u00f6fn og margt fleira misg\u00e1fulegt.<\/li>\r\n<\/ul>\r\n<p><\/p>","protected":false},"excerpt":{"rendered":"<p>\u00c9g\u2026 heiti \u00d3li Gneisti S\u00f3leyjarson. s\u00e9 um hla\u00f0varpi\u00f0 Botninn. s\u00e9 um hla\u00f0varpi\u00f0 Stories of Iceland. er einn af eigendum Kistan &#8211; Varpf\u00e9lag slf. er f\u00e6ddur \u00feann 4. febr\u00faar 1979 \u00e1 Akureyri. er \u00ed samb\u00fa\u00f0\u00a0(s\u00ed\u00f0an 1999) me\u00f0 eiginkonu (2018) minni Eygl\u00f3 Traustad\u00f3ttur. er pabbi Gunnsteins (s\u00ed\u00f0an 17. j\u00fal\u00ed 2009). er pabbi Ingimars (s\u00ed\u00f0an 8. mars 2013). &hellip; <a href=\"https:\/\/truflun.net\/oligneisti\/um-ola\/\" class=\"more-link\">Halda \u00e1fram a\u00f0 lesa: <span class=\"screen-reader-text\">Um \u00d3la<\/span><\/a><\/p>\n","protected":false},"author":1,"featured_media":0,"parent":0,"menu_order":0,"comment_status":"closed","ping_status":"closed","template":"","meta":{"footnotes":""},"class_list":["post-3366","page","type-page","status-publish","hentry"],"_links":{"self":[{"href":"https:\/\/truflun.net\/oligneisti\/wp-json\/wp\/v2\/pages\/3366","targetHints":{"allow":["GET"]}}],"collection":[{"href":"https:\/\/truflun.net\/oligneisti\/wp-json\/wp\/v2\/pages"}],"about":[{"href":"https:\/\/truflun.net\/oligneisti\/wp-json\/wp\/v2\/types\/page"}],"author":[{"embeddable":true,"href":"https:\/\/truflun.net\/oligneisti\/wp-json\/wp\/v2\/users\/1"}],"replies":[{"embeddable":true,"href":"https:\/\/truflun.net\/oligneisti\/wp-json\/wp\/v2\/comments?post=3366"}],"version-history":[{"count":5,"href":"https:\/\/truflun.net\/oligneisti\/wp-json\/wp\/v2\/pages\/3366\/revisions"}],"predecessor-version":[{"id":18636,"href":"https:\/\/truflun.net\/oligneisti\/wp-json\/wp\/v2\/pages\/3366\/revisions\/18636"}],"wp:attachment":[{"href":"https:\/\/truflun.net\/oligneisti\/wp-json\/wp\/v2\/media?parent=3366"}],"curies":[{"name":"wp","href":"https:\/\/api.w.org\/{rel}","templated":true}]}}